{"id":46,"date":"2017-06-19T10:33:22","date_gmt":"2017-06-19T10:33:22","guid":{"rendered":"https:\/\/www.secondlove.pt\/blog\/?page_id=46"},"modified":"2017-06-20T08:23:37","modified_gmt":"2017-06-20T08:23:37","slug":"sobre-o-second-love","status":"publish","type":"page","link":"https:\/\/www.secondlove.pt\/blog\/sobre-o-second-love\/","title":{"rendered":"Sobre o Second Love"},"content":{"rendered":"<p><a href=\"https:\/\/www.utd2.com\/idevaffiliate\/utd.php?id=1202_7\" target=\"_blank\" rel=\"noopener\"><img loading=\"lazy\" decoding=\"async\" class=\"size-medium wp-image-51 alignleft\" src=\"https:\/\/www.secondlove.pt\/blog\/wp-content\/uploads\/2017\/06\/Image_nl-300x200.jpg\" alt=\"secondlove.pt\" width=\"300\" height=\"200\" \/><\/a><\/p>\n<h5>Flertar n\u00e3o \u00e9 s\u00f3 para solteiros.<\/h5>\n<p>O Second Love \u00e9 um site de relacionamento, uma plataforma virtual de encontros online para homens e mulheres \u00e0 procura de um caso, fruto proibido, amizade colorida ou de uma aventura emocionante.<\/p>\n<p>No Second Love pode criar o seu perfil de forma gratuita, colocar as suas fotos e procurar pessoas que se adequem a si. Todos os perfis s\u00e3o manualmente verificados para que s\u00f3 tenhamos perfis s\u00e9rios na nossa plataforma de relacionamento.<\/p>\n<p><a href=\"https:\/\/www.utd2.com\/idevaffiliate\/utd.php?id=1202_7\" target=\"_blank\" rel=\"noopener\"><img loading=\"lazy\" decoding=\"async\" class=\"alignleft wp-image-4498\" src=\"https:\/\/www.secondlove.nl\/blog\/wp-content\/uploads\/2017\/06\/cropped-secondlove-logo-300x132.png\" alt=\"\" width=\"230\" height=\"101\" \/><\/a><\/p>\n<p>Um estudo recente realizado pelo <strong><a href=\"https:\/\/www.utd2.com\/idevaffiliate\/utd.php?id=1202_7\" target=\"_blank\" rel=\"noopener\">Second Love<\/a>,<\/strong> revela que 82% dos seus membros consideram um &#8220;flirt&#8221; um estimulante \u00e0 sua criatividade. A maior motiva\u00e7\u00e3o para trair: experimentar as fantasias (secretas).<\/p>\n<p>O estudo tamb\u00e9m mostrou que &#8220;um affair&#8221; se tornou mais aceit\u00e1vel e que os homens est\u00e3o mais abertos a isso do que o seu parceiro. Cada vez mais e mais casais (casados) decidem, por diversas raz\u00f5es, dar um novo estimulante (fa\u00edsca) para os seus relacionamentos existentes.<\/p>\n<h5>Necessita de um flirt secreto no Second Love?<\/h5>\n<p>Come\u00e7e ent\u00e3o a sua aventura come\u00e7ando por se <strong><a href=\"https:\/\/www.utd2.com\/idevaffiliate\/utd.php?id=1202_7\" target=\"_blank\" rel=\"noopener\">inscrever gratuitamente<\/a><\/strong>.<\/p>\n","protected":false},"excerpt":{"rendered":"<p>Flertar n\u00e3o \u00e9 s\u00f3 para solteiros. O Second Love \u00e9 um site de relacionamento, uma plataforma virtual de encontros online para homens e mulheres \u00e0 procura de um caso, fruto&#46;&#46;&#46;<\/p>\n","protected":false},"author":2,"featured_media":0,"parent":0,"menu_order":0,"comment_status":"closed","ping_status":"closed","template":"","meta":{"footnotes":""},"class_list":["post-46","page","type-page","status-publish","hentry"],"_links":{"self":[{"href":"https:\/\/www.secondlove.pt\/blog\/wp-json\/wp\/v2\/pages\/46","targetHints":{"allow":["GET"]}}],"collection":[{"href":"https:\/\/www.secondlove.pt\/blog\/wp-json\/wp\/v2\/pages"}],"about":[{"href":"https:\/\/www.secondlove.pt\/blog\/wp-json\/wp\/v2\/types\/page"}],"author":[{"embeddable":true,"href":"https:\/\/www.secondlove.pt\/blog\/wp-json\/wp\/v2\/users\/2"}],"replies":[{"embeddable":true,"href":"https:\/\/www.secondlove.pt\/blog\/wp-json\/wp\/v2\/comments?post=46"}],"version-history":[{"count":14,"href":"https:\/\/www.secondlove.pt\/blog\/wp-json\/wp\/v2\/pages\/46\/revisions"}],"predecessor-version":[{"id":68,"href":"https:\/\/www.secondlove.pt\/blog\/wp-json\/wp\/v2\/pages\/46\/revisions\/68"}],"wp:attachment":[{"href":"https:\/\/www.secondlove.pt\/blog\/wp-json\/wp\/v2\/media?parent=46"}],"curies":[{"name":"wp","href":"https:\/\/api.w.org\/{rel}","templated":true}]}}